{"id":9773,"date":"2015-06-13T01:31:55","date_gmt":"2015-06-12T23:31:55","guid":{"rendered":"https:\/\/www.arvigortrading.com\/?page_id=9773\/"},"modified":"2023-03-09T23:54:10","modified_gmt":"2023-03-09T22:54:10","slug":"wirtschaftsnachrichten","status":"publish","type":"page","link":"https:\/\/www.arvigortrading.com\/de\/wirtschaftsnachrichten\/","title":{"rendered":"Wirtschaftsnachrichten"},"content":{"rendered":"<div id='av-tab-section-1'  class='av-tab-section-container entry-content-wrapper main_color av-tab-slide-transition   av-tab-above-content  avia-builder-el-0  avia-builder-el-no-sibling  container_wrap fullsize' style=' '  ><div class='av-tab-section-outer-container'><div class='av-tab-section-tab-title-container avia-tab-title-padding-default '  role='tablist'><a href='#business-news' data-av-tab-section-title='1' class='av-section-tab-title  av-tab-no-icon av-tab-with-image noHover av-tab-image-circle ' role='tab' tabindex='0' aria-controls='av-tab-section-1-1'><span class='av-tab-section-image' style='background-image: url(https:\/\/www.arvigortrading.com\/file\/2019\/04\/EU_408x272-180x180.jpg);'><\/span><span class='av-outer-tab-title'><span class='av-inner-tab-title'>Business News<\/span><\/span><span class='av-tab-arrow-container'><span><\/span><\/span><\/a><a href='#uk-business-news' data-av-tab-section-title='2' class='av-section-tab-title  av-tab-no-icon av-tab-with-image noHover av-tab-image-circle ' role='tab' tabindex='0' aria-controls='av-tab-section-1-2'><span class='av-tab-section-image' style='background-image: url(https:\/\/www.arvigortrading.com\/file\/2019\/04\/UK_375x250-180x180.jpg);'><\/span><span class='av-outer-tab-title'><span class='av-inner-tab-title'>UK Business News<\/span><\/span><span class='av-tab-arrow-container'><span><\/span><\/span><\/a><a href='#deutschland-business-news' data-av-tab-section-title='3' class='av-section-tab-title  av-tab-no-icon av-tab-with-image noHover av-tab-image-circle ' role='tab' tabindex='0' aria-controls='av-tab-section-1-3'><span class='av-tab-section-image' style='background-image: url(https:\/\/www.arvigortrading.com\/file\/2019\/04\/Germany_318x207-180x180.jpg);'><\/span><span class='av-outer-tab-title'><span class='av-inner-tab-title'>Deutschland Business News<\/span><\/span><span class='av-tab-arrow-container'><span><\/span><\/span><\/a><a href='#russland-news' data-av-tab-section-title='4' class='av-section-tab-title  av-tab-no-icon av-tab-with-image noHover av-tab-image-circle ' role='tab' tabindex='0' aria-controls='av-tab-section-1-4'><span class='av-tab-section-image' style='background-image: url(https:\/\/www.arvigortrading.com\/file\/2019\/04\/Russia_584x387-180x180.jpg);'><\/span><span class='av-outer-tab-title'><span class='av-inner-tab-title'>Russland News<\/span><\/span><span class='av-tab-arrow-container'><span><\/span><\/span><\/a><a href='#vietnam-sme-news' data-av-tab-section-title='5' class='av-section-tab-title  av-tab-no-icon av-tab-with-image noHover av-tab-image-circle ' role='tab' tabindex='0' aria-controls='av-tab-section-1-5'><span class='av-tab-section-image' style='background-image: url(https:\/\/www.arvigortrading.com\/file\/2019\/04\/Vietnam_623x350-180x180.jpg);'><\/span><span class='av-outer-tab-title'><span class='av-inner-tab-title'>Vietnam SME News<\/span><\/span><span class='av-tab-arrow-container'><span><\/span><\/span><\/a><a href='#handelsblog' data-av-tab-section-title='6' class='av-section-tab-title av-active-tab-title no-scroll av-tab-no-icon av-tab-with-image noHover av-tab-image-circle ' role='tab' tabindex='0' aria-controls='av-tab-section-1-6'><span class='av-tab-section-image' style='background-image: url(https:\/\/www.arvigortrading.com\/file\/2019\/04\/120x111_transparent_www.arvigortrading.com_copyright_protected-by-law.png);'><\/span><span class='av-outer-tab-title'><span class='av-inner-tab-title'>Handelsblog<\/span><\/span><span class='av-tab-arrow-container'><span><\/span><\/span><\/a><\/div><div class='av-tab-section-inner-container avia-section-default' style='width:600vw; left:-500%;'><span class='av_prev_tab_section av_tab_navigation'><\/span><span class='av_next_tab_section av_tab_navigation'><\/span>\n<div id=\"av-tab-section-1-1\" data-av-tab-section-content=\"1\" class=\"av-layout-tab av-animation-delay-container av-active-tab-content __av_init_open  avia-builder-el-1  el_before_av_tab_sub_section  avia-builder-el-first   \" style='vertical-align:top; '  data-tab-section-id=\"business-news\"><div class='av-layout-tab-inner'><div class='container'><div class=\"flex_column av_one_full  flex_column_div av-zero-column-padding first  avia-builder-el-2  avia-builder-el-no-sibling  \" style='border-radius:0px; '><section class=\"av_textblock_section \" ><div class='avia_textblock  '  ><\/div><\/section><\/div>\n<\/div><\/div><\/div><div id=\"av-tab-section-1-2\" data-av-tab-section-content=\"2\" class=\"av-layout-tab av-animation-delay-container   avia-builder-el-4  el_after_av_tab_sub_section  el_before_av_tab_sub_section   \" style='vertical-align:top; '  data-tab-section-id=\"uk-business-news\"><div class='av-layout-tab-inner'><div class='container'><div class=\"flex_column av_one_full  flex_column_div av-zero-column-padding first  avia-builder-el-5  avia-builder-el-no-sibling  \" style='border-radius:0px; '><section class=\"av_textblock_section \" ><div class='avia_textblock  '  ><\/div><\/section><\/div>\n<\/div><\/div><\/div><div id=\"av-tab-section-1-3\" data-av-tab-section-content=\"3\" class=\"av-layout-tab av-animation-delay-container   avia-builder-el-7  el_after_av_tab_sub_section  el_before_av_tab_sub_section   \" style='vertical-align:top; '  data-tab-section-id=\"deutschland-business-news\"><div class='av-layout-tab-inner'><div class='container'><div class=\"flex_column av_one_full  flex_column_div av-zero-column-padding first  avia-builder-el-8  avia-builder-el-no-sibling  \" style='border-radius:0px; '><section class=\"av_textblock_section \" ><div class='avia_textblock  '  ><\/div><\/section><\/div>\n<\/div><\/div><\/div><div id=\"av-tab-section-1-4\" data-av-tab-section-content=\"4\" class=\"av-layout-tab av-animation-delay-container   avia-builder-el-10  el_after_av_tab_sub_section  el_before_av_tab_sub_section   \" style='vertical-align:top; '  data-tab-section-id=\"russland-news\"><div class='av-layout-tab-inner'><div class='container'><div class=\"flex_column av_one_full  flex_column_div av-zero-column-padding first  avia-builder-el-11  avia-builder-el-no-sibling  \" style='border-radius:0px; '><section class=\"av_textblock_section \" ><div class='avia_textblock  '  ><\/div><\/section><\/div>\n<\/div><\/div><\/div><div id=\"av-tab-section-1-5\" data-av-tab-section-content=\"5\" class=\"av-layout-tab av-animation-delay-container   avia-builder-el-13  el_after_av_tab_sub_section  el_before_av_tab_sub_section   \" style='vertical-align:top; '  data-tab-section-id=\"vietnam-sme-news\"><div class='av-layout-tab-inner'><div class='container'><div class=\"flex_column av_one_full  flex_column_div av-zero-column-padding first  avia-builder-el-14  avia-builder-el-no-sibling  \" style='border-radius:0px; '><section class=\"av_textblock_section \" ><div class='avia_textblock  '  ><\/div><\/section><\/div>\n<\/div><\/div><\/div><div id=\"av-tab-section-1-6\" data-av-tab-section-content=\"6\" class=\"av-layout-tab av-animation-delay-container   avia-builder-el-16  el_after_av_tab_sub_section  avia-builder-el-last   \" style='vertical-align:top; '  data-tab-section-id=\"handelsblog\"><div class='av-layout-tab-inner'><div class='container'><div class=\"flex_column av_one_full  flex_column_div av-zero-column-padding first  avia-builder-el-17  avia-builder-el-no-sibling  \" style='border-radius:0px; '><section class=\"av_textblock_section \" ><div class='avia_textblock  '  ><\/div><\/section><\/div>\n<\/div><\/div><\/div><\/div><\/div><\/div>\n","protected":false},"excerpt":{"rendered":"","protected":false},"author":40,"featured_media":0,"parent":0,"menu_order":0,"comment_status":"closed","ping_status":"closed","template":"","meta":[],"yoast_head":"<!-- This site is optimized with the Yoast SEO Premium plugin v15.2.1 - https:\/\/yoast.com\/wordpress\/plugins\/seo\/ -->\n<title>Wirtschaftsnachrichten &raquo; Arvigor Trading &amp; Co. [Au\u00dfenhandel &amp; Exportberatung]<\/title>\n<meta name=\"description\" content=\"Wirtschaftsnachrichten und Handelsnachrichten, Au\u00dfenhandelsblog f\u00fcr KMUs aus Deutschland, EU, Gro\u00dfbritannien, USA, Vietnam und aller Welt.\" \/>\n<meta name=\"robots\" content=\"index, follow, max-snippet:-1, max-image-preview:large, max-video-preview:-1\" \/>\n<link rel=\"canonical\" href=\"https:\/\/www.arvigortrading.com\/de\/wirtschaftsnachrichten\/\" \/>\n<meta property=\"og:locale\" content=\"de_DE\" \/>\n<meta property=\"og:type\" content=\"article\" \/>\n<meta property=\"og:title\" content=\"Wirtschaftsnachrichten &raquo; Arvigor Trading &amp; Co. [Au\u00dfenhandel &amp; Exportberatung]\" \/>\n<meta property=\"og:description\" content=\"Wirtschaftsnachrichten und Handelsnachrichten, Au\u00dfenhandelsblog f\u00fcr KMUs aus Deutschland, EU, Gro\u00dfbritannien, USA, Vietnam und aller Welt.\" \/>\n<meta property=\"og:url\" content=\"https:\/\/www.arvigortrading.com\/de\/wirtschaftsnachrichten\/\" \/>\n<meta property=\"og:site_name\" content=\"Arvigor Trading &amp; Co. [Au\u00dfenhandel &amp; Exportberatung]\" \/>\n<meta property=\"article:modified_time\" content=\"2023-03-09T22:54:10+00:00\" \/>\n<meta name=\"twitter:card\" content=\"summary\" \/>\n<meta name=\"twitter:creator\" content=\"@arvigortrading\" \/>\n<meta name=\"twitter:site\" content=\"@arvigortrading\" \/>\n<meta name=\"twitter:label1\" content=\"Verfasst von\">\n\t<meta name=\"twitter:data1\" content=\"knowsit44\">\n\t<meta name=\"twitter:label2\" content=\"Gesch\u00e4tzte Lesezeit\">\n\t<meta name=\"twitter:data2\" content=\"4 Minuten\">\n<script type=\"application\/ld+json\" class=\"yoast-schema-graph\">{\"@context\":\"https:\/\/schema.org\",\"@graph\":[{\"@type\":\"WebSite\",\"@id\":\"https:\/\/www.arvigortrading.com\/de\/#website\",\"url\":\"https:\/\/www.arvigortrading.com\/de\/\",\"name\":\"Arvigor Trading & Co. [Au\\u00dfenhandel & Exportberatung]\",\"description\":\"Handelshaus, Onlineshop, Handelsdienstleistungen, Import Export\",\"potentialAction\":[{\"@type\":\"SearchAction\",\"target\":\"https:\/\/www.arvigortrading.com\/de\/?s={search_term_string}\",\"query-input\":\"required name=search_term_string\"}],\"inLanguage\":\"de-DE\"},{\"@type\":\"WebPage\",\"@id\":\"https:\/\/www.arvigortrading.com\/de\/wirtschaftsnachrichten\/#webpage\",\"url\":\"https:\/\/www.arvigortrading.com\/de\/wirtschaftsnachrichten\/\",\"name\":\"Wirtschaftsnachrichten &raquo; Arvigor Trading & Co. [Au\\u00dfenhandel & Exportberatung]\",\"isPartOf\":{\"@id\":\"https:\/\/www.arvigortrading.com\/de\/#website\"},\"datePublished\":\"2015-06-12T23:31:55+00:00\",\"dateModified\":\"2023-03-09T22:54:10+00:00\",\"description\":\"Wirtschaftsnachrichten und Handelsnachrichten, Au\\u00dfenhandelsblog f\\u00fcr KMUs aus Deutschland, EU, Gro\\u00dfbritannien, USA, Vietnam und aller Welt.\",\"breadcrumb\":{\"@id\":\"https:\/\/www.arvigortrading.com\/de\/wirtschaftsnachrichten\/#breadcrumb\"},\"inLanguage\":\"de-DE\",\"potentialAction\":[{\"@type\":\"ReadAction\",\"target\":[\"https:\/\/www.arvigortrading.com\/de\/wirtschaftsnachrichten\/\"]}]},{\"@type\":\"BreadcrumbList\",\"@id\":\"https:\/\/www.arvigortrading.com\/de\/wirtschaftsnachrichten\/#breadcrumb\",\"itemListElement\":[{\"@type\":\"ListItem\",\"position\":1,\"item\":{\"@type\":\"WebPage\",\"@id\":\"https:\/\/www.arvigortrading.com\/de\/\",\"url\":\"https:\/\/www.arvigortrading.com\/de\/\",\"name\":\"Startseite\"}},{\"@type\":\"ListItem\",\"position\":2,\"item\":{\"@type\":\"WebPage\",\"@id\":\"https:\/\/www.arvigortrading.com\/de\/wirtschaftsnachrichten\/\",\"url\":\"https:\/\/www.arvigortrading.com\/de\/wirtschaftsnachrichten\/\",\"name\":\"Wirtschaftsnachrichten\"}}]}]}<\/script>\n<!-- \/ Yoast SEO Premium plugin. -->","_links":{"self":[{"href":"https:\/\/www.arvigortrading.com\/de\/wp-json\/wp\/v2\/pages\/9773"}],"collection":[{"href":"https:\/\/www.arvigortrading.com\/de\/wp-json\/wp\/v2\/pages"}],"about":[{"href":"https:\/\/www.arvigortrading.com\/de\/wp-json\/wp\/v2\/types\/page"}],"author":[{"embeddable":true,"href":"https:\/\/www.arvigortrading.com\/de\/wp-json\/wp\/v2\/users\/40"}],"replies":[{"embeddable":true,"href":"https:\/\/www.arvigortrading.com\/de\/wp-json\/wp\/v2\/comments?post=9773"}],"version-history":[{"count":0,"href":"https:\/\/www.arvigortrading.com\/de\/wp-json\/wp\/v2\/pages\/9773\/revisions"}],"wp:attachment":[{"href":"https:\/\/www.arvigortrading.com\/de\/wp-json\/wp\/v2\/media?parent=9773"}],"curies":[{"name":"wp","href":"https:\/\/api.w.org\/{rel}","templated":true}]}}