{"id":9713,"date":"2015-04-03T20:45:40","date_gmt":"2015-04-03T18:45:40","guid":{"rendered":"https:\/\/www.arvigortrading.com\/?page_id=9713\/"},"modified":"2022-01-30T15:28:34","modified_gmt":"2022-01-30T14:28:34","slug":"public-relations","status":"publish","type":"page","link":"https:\/\/www.arvigortrading.com\/de\/public-relations\/","title":{"rendered":"Public Relations"},"content":{"rendered":"<div id='av-tab-section-1'  class='av-tab-section-container entry-content-wrapper main_color av-tab-slide-transition   av-tab-above-content  avia-builder-el-0  avia-builder-el-no-sibling  container_wrap fullsize' style=' '  ><div class='av-tab-section-outer-container'><div class='av-tab-section-tab-title-container avia-tab-title-padding-default '  role='tablist'><a href='#presse-beitraege' data-av-tab-section-title='1' class='av-section-tab-title  av-tab-no-icon av-tab-with-image noHover av-tab-image-circle ' role='tab' tabindex='0' aria-controls='av-tab-section-1-1'><span class='av-tab-section-image' style='background-image: url(https:\/\/www.arvigortrading.com\/file\/2019\/04\/Press-Releases_566x375-180x180.jpg);'><\/span><span class='av-outer-tab-title'><span class='av-inner-tab-title'>Presse &amp; Beitr\u00e4ge<\/span><\/span><span class='av-tab-arrow-container'><span><\/span><\/span><\/a><a href='#presse-toolkit' data-av-tab-section-title='2' class='av-section-tab-title av-active-tab-title no-scroll av-tab-no-icon av-tab-with-image noHover av-tab-image-circle ' role='tab' tabindex='0' aria-controls='av-tab-section-1-2'><span class='av-tab-section-image' style='background-image: url(https:\/\/www.arvigortrading.com\/file\/2019\/04\/Press-Toolkit_418x293-180x180.jpg);'><\/span><span class='av-outer-tab-title'><span class='av-inner-tab-title'>Presse Toolkit<\/span><\/span><span class='av-tab-arrow-container'><span><\/span><\/span><\/a><a href='#investor-relations' data-av-tab-section-title='3' class='av-section-tab-title  av-tab-no-icon av-tab-with-image noHover av-tab-image-circle ' role='tab' tabindex='0' aria-controls='av-tab-section-1-3'><span class='av-tab-section-image' style='background-image: url(https:\/\/www.arvigortrading.com\/file\/2019\/04\/Investor-Relations_375x250-180x180.jpg);'><\/span><span class='av-outer-tab-title'><span class='av-inner-tab-title'>Investor Relations<\/span><\/span><span class='av-tab-arrow-container'><span><\/span><\/span><\/a><a href='#newsletter' data-av-tab-section-title='4' class='av-section-tab-title  av-tab-no-icon av-tab-with-image noHover av-tab-image-circle ' role='tab' tabindex='0' aria-controls='av-tab-section-1-4'><span class='av-tab-section-image' style='background-image: url(https:\/\/www.arvigortrading.com\/file\/2019\/04\/Newsletter_574x382-180x180.jpg);'><\/span><span class='av-outer-tab-title'><span class='av-inner-tab-title'>Newsletter<\/span><\/span><span class='av-tab-arrow-container'><span><\/span><\/span><\/a><\/div><div class='av-tab-section-inner-container avia-section-default' style='width:400vw; left:-100%;'><span class='av_prev_tab_section av_tab_navigation'><\/span><span class='av_next_tab_section av_tab_navigation'><\/span>\n<div id=\"av-tab-section-1-1\" data-av-tab-section-content=\"1\" class=\"av-layout-tab av-animation-delay-container av-active-tab-content __av_init_open  avia-builder-el-1  el_before_av_tab_sub_section  avia-builder-el-first   \" style='vertical-align:top; '  data-tab-section-id=\"presse-beitraege\"><div class='av-layout-tab-inner'><div class='container'><div  class=\"tabcontainer   sidebar_tab sidebar_tab_left noborder_tabs  avia-builder-el-2  avia-builder-el-no-sibling \" role=\"tablist\">\n\n<section class=\"av_tab_section\" ><div aria-controls=\"tab-id-1-content\" role=\"tab\" tabindex=\"0\" data-fake-id=\"#tab-id-1\" class=\"tab active_tab\" >2017<\/div>\n<div id=\"tab-id-1-content\" class=\"tab_content active_tab_content\" aria-hidden=\"false\">\n<div class=\"tab_inner_content invers-color\" >\n<p><span style=\"color: #000000; font-size: 10pt;\"><a href=\"http:\/\/markets.businessinsider.com\/news\/stocks\/Arvigor-Trading-Co-GmbH-is-Incorporated-in-a-Global-USD-20-88-Tn-Export-Market-1003792854\" target=\"_blank\" rel=\"noopener noreferrer\">Arvigor Trading &amp; Co. GmbH is Incorporated in a Global USD 20.88 Tn. Export Market. (Pressemitteilung, 11. Okt. 2017)<\/a><\/span><\/p>\n\n<\/div>\n<\/div>\n<\/section>\n\n<section class=\"av_tab_section\" ><div aria-controls=\"tab-id-2-content\" role=\"tab\" tabindex=\"0\" data-fake-id=\"#tab-id-2\" class=\"tab \" >2018<\/div>\n<div id=\"tab-id-2-content\" class=\"tab_content \" aria-hidden=\"true\">\n<div class=\"tab_inner_content invers-color\" >\n<p><span style=\"font-size: 10pt;\"><a href=\"http:\/\/www.doingbusiness.org\/en\/reports\/global-reports\/doing-business-2019\" target=\"_blank\" rel=\"noopener noreferrer\">Doing Business Report 2019 by the World Bank<\/a> (<a href=\"http:\/\/www.doingbusiness.org\/en\/contributors\/doing-business\/germany\" target=\"_blank\" rel=\"noopener noreferrer\">Beitrag<\/a>, 31. Okt. 2018)<\/span><\/p>\n<p><span style=\"font-size: 10pt;\"><a href=\"https:\/\/www.doingbusiness.org\/en\/reports\/case-studies\/2019\/tab\" target=\"_blank\" rel=\"noopener noreferrer\">Doing Business Report 2019: <em>Trading Across Borders: Training for Trade Facilitation <\/em>by the World Bank<\/a> (<a href=\"http:\/\/www.doingbusiness.org\/en\/contributors\/doing-business\/germany\" target=\"_blank\" rel=\"noopener noreferrer\">Beitrag<\/a>, 31. Okt. 2018)<\/span><\/p>\n\n<\/div>\n<\/div>\n<\/section>\n\n<section class=\"av_tab_section\" ><div aria-controls=\"tab-id-3-content\" role=\"tab\" tabindex=\"0\" data-fake-id=\"#tab-id-3\" class=\"tab \" >2019<\/div>\n<div id=\"tab-id-3-content\" class=\"tab_content \" aria-hidden=\"true\">\n<div class=\"tab_inner_content invers-color\" >\n<p><span style=\"font-size: 10pt;\"><a href=\"https:\/\/www.doingbusiness.org\/en\/reports\/global-reports\/doing-business-2020\" target=\"_blank\" rel=\"noopener noreferrer\">Doing Business Report 2020 by the World Bank<\/a> (<a href=\"http:\/\/www.doingbusiness.org\/en\/contributors\/doing-business\/germany\" target=\"_blank\" rel=\"noopener noreferrer\">Beitrag<\/a>, 24. Okt. 2019)<\/span><\/p>\n\n<\/div>\n<\/div>\n<\/section>\n\n<section class=\"av_tab_section\" ><div aria-controls=\"tab-id-4-content\" role=\"tab\" tabindex=\"0\" data-fake-id=\"#tab-id-4\" class=\"tab \" >Archiv<\/div>\n<div id=\"tab-id-4-content\" class=\"tab_content \" aria-hidden=\"true\">\n<div class=\"tab_inner_content invers-color\" >\n\n<\/div>\n<\/div>\n<\/section>\n\n<\/div>\n\n<\/div><\/div><\/div><div id=\"av-tab-section-1-2\" data-av-tab-section-content=\"2\" class=\"av-layout-tab av-animation-delay-container   avia-builder-el-3  el_after_av_tab_sub_section  el_before_av_tab_sub_section   \" style='vertical-align:top; '  data-tab-section-id=\"presse-toolkit\"><div class='av-layout-tab-inner'><div class='container'><div  class=\"tabcontainer   sidebar_tab sidebar_tab_left noborder_tabs  avia-builder-el-4  avia-builder-el-no-sibling \" role=\"tablist\">\n\n<section class=\"av_tab_section\" ><div aria-controls=\"tab-id-5-content\" role=\"tab\" tabindex=\"0\" data-fake-id=\"#tab-id-5\" class=\"tab \" >Brosch\u00fcre<\/div>\n<div id=\"tab-id-5-content\" class=\"tab_content \" aria-hidden=\"true\">\n<div class=\"tab_inner_content invers-color\" >\n<div class=\"issuuembed\" style=\"width: 525px; height: 371px;\" data-configid=\"30841799\/52429024\"><\/div>\n<p><script type=\"text\/javascript\" src=\"\/\/e.issuu.com\/embed.js\" async=\"true\"><\/script><\/p>\n\n<\/div>\n<\/div>\n<\/section>\n\n<section class=\"av_tab_section\" ><div aria-controls=\"tab-id-6-content\" role=\"tab\" tabindex=\"0\" data-fake-id=\"#tab-id-6\" class=\"tab \" >Pr\u00e4sentation<\/div>\n<div id=\"tab-id-6-content\" class=\"tab_content \" aria-hidden=\"true\">\n<div class=\"tab_inner_content invers-color\" >\n<p><iframe style=\"border: 1px solid #CCC; border-width: 1px; margin-bottom: 5px; max-width: 100%;\" src=\"\/\/www.slideshare.net\/slideshow\/embed_code\/key\/Fl4GK56dC8VjZb\" width=\"595\" height=\"485\" frameborder=\"0\" marginwidth=\"0\" marginheight=\"0\" scrolling=\"no\" allowfullscreen=\"allowfullscreen\"> <\/iframe><\/p>\n<div style=\"margin-bottom: 5px;\"><strong> <a title=\"arvigor trading: a hybrid trading company\" href=\"\/\/www.slideshare.net\/arvigortrading\/arvigor-trading-a-hybrid-trading-company\" target=\"_blank\" rel=\"noopener noreferrer\">arvigor trading: a hybrid trading company<\/a> <\/strong> from <strong><a href=\"\/\/www.slideshare.net\/arvigortrading\" target=\"_blank\" rel=\"noopener noreferrer\">Arvigor Trading<\/a><\/strong><\/div>\n\n<\/div>\n<\/div>\n<\/section>\n\n<section class=\"av_tab_section\" ><div aria-controls=\"tab-id-7-content\" role=\"tab\" tabindex=\"0\" data-fake-id=\"#tab-id-7\" class=\"tab active_tab\" >Marke<\/div>\n<div id=\"tab-id-7-content\" class=\"tab_content active_tab_content\" aria-hidden=\"false\">\n<div class=\"tab_inner_content invers-color\" >\n<p>Arvigor Trading \u2122 ist eine eingetragene Handelsmarke. In einer globalen und vernetzten Wirtschaft ist das Unternehmensleitbild von Arvigor Trading &amp; Co. <sup>\u00ae<\/sup> die Transformation von kleinen und mittelst\u00e4ndischen Unternehmen zu f\u00fchrenden internationalen Unternehmungen. Der Schwerpunkt auf Qualit\u00e4t, Effizienz und nachhaltige L\u00f6sungen unserer Dienstleistungen und Produkte sichert den langfristigen Wert und das Wachstum f\u00fcr unsere Klienten und Gesch\u00e4ftspartner, welche sodann durch ihre Angebote dazu beitragen, ein wertvoller Bestandteil einer gedeihenden Wirtschaft und Gesellschaft zu werden.<\/p>\n<p>Unsere Marke versinnbildlicht die inh\u00e4rente St\u00e4rke und das Potenzial unserer Klienten, sich erfolgreich auf einem globalen Markt zu behaupten. In dieser Hinsicht sind unsere Strategien so individualisiert wie die vielf\u00e4ltigen Charaktere hinter dem Gesch\u00e4ft unserer Klienten. Die realistische und risikoneutrale Perspektive, mit der wir als multifunktionales Unternehmen handeln, wird dann zu einem integralen Bestandteil unseres Gesch\u00e4ftsansatzes.<\/p>\n<p>Als internationales und kundenzentriertes Handelsunternehmen ist der einzelne Kunde unabh\u00e4ngig von der Art oder dem Zweck der Waren, Produkte und Dienstleistungen unserer Firmenkunden immerzu im Fokus unserer \u00dcberlegungen, denn wir betrachten den einzelnen Kunden als treibende Kraft jedes einzelnen Unternehmens und jeder Wirtschaft, ob in einer indirekten oder direkten Weise.<\/p>\n\n<\/div>\n<\/div>\n<\/section>\n\n<section class=\"av_tab_section\" ><div aria-controls=\"tab-id-8-content\" role=\"tab\" tabindex=\"0\" data-fake-id=\"#tab-id-8\" class=\"tab \" >Video<\/div>\n<div id=\"tab-id-8-content\" class=\"tab_content \" aria-hidden=\"true\">\n<div class=\"tab_inner_content invers-color\" >\n<p><iframe src=\"https:\/\/www.youtube-nocookie.com\/embed\/AWNbou-fufQ?rel=0\" width=\"560\" height=\"315\" frameborder=\"0\" allowfullscreen=\"allowfullscreen\"><\/iframe><\/p>\n\n<\/div>\n<\/div>\n<\/section>\n\n<section class=\"av_tab_section\" ><div aria-controls=\"tab-id-9-content\" role=\"tab\" tabindex=\"0\" data-fake-id=\"#tab-id-9\" class=\"tab \" >Audio<\/div>\n<div id=\"tab-id-9-content\" class=\"tab_content \" aria-hidden=\"true\">\n<div class=\"tab_inner_content invers-color\" >\n<p><iframe src=\"https:\/\/w.soundcloud.com\/player\/?url=https%3A\/\/api.soundcloud.com\/tracks\/334855625&amp;color=1b9ddf&amp;auto_play=false&amp;hide_related=false&amp;show_comments=true&amp;show_user=true&amp;show_reposts=false\" width=\"100%\" height=\"166\" frameborder=\"no\" scrolling=\"no\"><\/iframe><\/p>\n\n<\/div>\n<\/div>\n<\/section>\n\n<\/div>\n\n<\/div><\/div><\/div><div id=\"av-tab-section-1-3\" data-av-tab-section-content=\"3\" class=\"av-layout-tab av-animation-delay-container   avia-builder-el-5  el_after_av_tab_sub_section  el_before_av_tab_sub_section   \" style='vertical-align:top; '  data-tab-section-id=\"investor-relations\"><div class='av-layout-tab-inner'><div class='container'><div  class=\"tabcontainer   sidebar_tab sidebar_tab_left noborder_tabs  avia-builder-el-6  avia-builder-el-no-sibling \" role=\"tablist\">\n\n<section class=\"av_tab_section\" ><div aria-controls=\"tab-id-10-content\" role=\"tab\" tabindex=\"0\" data-fake-id=\"#tab-id-10\" class=\"tab active_tab\" >Investitionsm\u00f6glichkeiten<\/div>\n<div id=\"tab-id-10-content\" class=\"tab_content active_tab_content\" aria-hidden=\"false\">\n<div class=\"tab_inner_content invers-color\" >\n<p>F\u00fcr Anfragen zu Investitionsm\u00f6glichkeiten, ob im Rahmen eines kollaborativen internationalen Projekts oder als Anteilseigner oder in anderen Formen, senden Sie uns bitte eine E-Mail an invest [at] arvigortrading [dot] com.<\/p>\n\n<\/div>\n<\/div>\n<\/section>\n\n<\/div>\n\n<\/div><\/div><\/div><div id=\"av-tab-section-1-4\" data-av-tab-section-content=\"4\" class=\"av-layout-tab av-animation-delay-container   avia-builder-el-7  el_after_av_tab_sub_section  avia-builder-el-last   \" style='vertical-align:top; '  data-tab-section-id=\"newsletter\"><div class='av-layout-tab-inner'><div class='container'><p><div class=\"flex_column av_one_third  flex_column_div av-zero-column-padding first  avia-builder-el-8  el_before_av_one_third  avia-builder-el-first  \" style='border-radius:0px; '><\/div><div class=\"flex_column av_one_third  flex_column_div av-zero-column-padding   avia-builder-el-9  el_after_av_one_third  el_before_av_one_third  \" style='border-radius:0px; '><section class=\"av_textblock_section \" ><div class='avia_textblock  '  ><p style=\"padding-left: 30px;\">Neuigkeiten, Blog, Jobs, Events und Gutscheine.<\/p>\n<\/div><\/section><br \/>\n<div   class='hr hr-short hr-center   avia-builder-el-11  el_after_av_textblock  el_before_av_mailchimp '><span class='hr-inner ' ><span class='hr-inner-style'><\/span><\/span><\/div><br \/>\n<form action=\"https:\/\/www.arvigortrading.com\/de\/public-relations\/\" method=\"post\"  data-av-custom-send='mailchimp_send' class=\"avia_ajax_form av-form-labels-visible   avia-builder-el-12  el_after_av_hr  avia-builder-el-last   avia-mailchimp-form \" data-avia-form-id=\"1\" data-avia-redirect='' ><fieldset><p class='  first_form  form_element form_fullwidth' id='element_avia_0_1'><label for=\"avia_0_1\">Email Adresse <abbr class=\"required\" title=\"ben\u00f6tigt\">*<\/abbr><\/label> <input name=\"avia_0_1\" class=\"text_input is_email\" type=\"text\" id=\"avia_0_1\" value=\"\" \/><\/p><p class='av_form_privacy_check av_mailchimp_privacy_check first_form  form_element form_fullwidth' id='element_avia_av_privacy_agreement_1'>    <input  name=\"avia_av_privacy_agreement_1\" class=\"input_checkbox is_empty\" type=\"checkbox\" id=\"avia_av_privacy_agreement_1\" value=\"true\"\/><label class=\"input_checkbox_label\" for=\"avia_av_privacy_agreement_1\">Ich stimme den Datenschutzbestimmungen in der <a href='https:\/\/www.arvigortrading.com\/privacy-policy\/' target='_blank' rel=\"noopener noreferrer\">Datenschutzerkl\u00e4rung<\/a> zu.\n <abbr class=\"required\" title=\"ben\u00f6tigt\">*<\/abbr><\/label><\/p><p class=\"form_element  first_form  form_element form_fullwidth av-last-visible-form-element modified_width\"><input type=\"hidden\" value=\"1\" name=\"avia_generated_form1\" \/><input type=\"submit\" value=\"Abonnieren\" class=\"button\"  data-sending-label=\"Sende\"\/><\/p><p class=\"hidden\"><input type=\"text\" name=\"avia_avia_username_1\" class=\"hidden \" id=\"avia_avia_username_1\" value=\"\" \/><\/p><\/fieldset><\/form><div id=\"ajaxresponse_1\" class=\"ajaxresponse ajaxresponse_1 hidden\"><\/div><\/p><\/div><div class=\"flex_column av_one_third  flex_column_div av-zero-column-padding   avia-builder-el-13  el_after_av_one_third  avia-builder-el-last  \" style='border-radius:0px; '><\/div><\/p>\n<\/div><\/div><\/div><\/div><\/div><\/div>\n","protected":false},"excerpt":{"rendered":"","protected":false},"author":40,"featured_media":0,"parent":0,"menu_order":0,"comment_status":"closed","ping_status":"closed","template":"","meta":[],"yoast_head":"<!-- This site is optimized with the Yoast SEO Premium plugin v15.2.1 - https:\/\/yoast.com\/wordpress\/plugins\/seo\/ -->\n<title>Public Relations &raquo; Arvigor Trading &amp; Co. [Au\u00dfenhandel &amp; Exportberatung]<\/title>\n<meta name=\"description\" content=\"\u00d6ffentlichkeitsarbeit und Bereich zur Unternehmenskommunikation umfassen Pressearbeit, Pressekit, Marke, Video, Audio, Investorendialog und Newsletter.\" \/>\n<meta name=\"robots\" content=\"index, follow, max-snippet:-1, max-image-preview:large, max-video-preview:-1\" \/>\n<link rel=\"canonical\" href=\"https:\/\/www.arvigortrading.com\/de\/public-relations\/\" \/>\n<meta property=\"og:locale\" content=\"de_DE\" \/>\n<meta property=\"og:type\" content=\"article\" \/>\n<meta property=\"og:title\" content=\"Public Relations &raquo; Arvigor Trading &amp; Co. [Au\u00dfenhandel &amp; Exportberatung]\" \/>\n<meta property=\"og:description\" content=\"\u00d6ffentlichkeitsarbeit und Bereich zur Unternehmenskommunikation umfassen Pressearbeit, Pressekit, Marke, Video, Audio, Investorendialog und Newsletter.\" \/>\n<meta property=\"og:url\" content=\"https:\/\/www.arvigortrading.com\/de\/public-relations\/\" \/>\n<meta property=\"og:site_name\" content=\"Arvigor Trading &amp; Co. [Au\u00dfenhandel &amp; Exportberatung]\" \/>\n<meta property=\"article:modified_time\" content=\"2022-01-30T14:28:34+00:00\" \/>\n<meta name=\"twitter:card\" content=\"summary\" \/>\n<meta name=\"twitter:creator\" content=\"@arvigortrading\" \/>\n<meta name=\"twitter:site\" content=\"@arvigortrading\" \/>\n<meta name=\"twitter:label1\" content=\"Verfasst von\">\n\t<meta name=\"twitter:data1\" content=\"knowsit44\">\n\t<meta name=\"twitter:label2\" content=\"Gesch\u00e4tzte Lesezeit\">\n\t<meta name=\"twitter:data2\" content=\"5 Minuten\">\n<script type=\"application\/ld+json\" class=\"yoast-schema-graph\">{\"@context\":\"https:\/\/schema.org\",\"@graph\":[{\"@type\":\"WebSite\",\"@id\":\"https:\/\/www.arvigortrading.com\/de\/#website\",\"url\":\"https:\/\/www.arvigortrading.com\/de\/\",\"name\":\"Arvigor Trading & Co. [Au\\u00dfenhandel & Exportberatung]\",\"description\":\"Handelshaus, Onlineshop, Handelsdienstleistungen, Import Export\",\"potentialAction\":[{\"@type\":\"SearchAction\",\"target\":\"https:\/\/www.arvigortrading.com\/de\/?s={search_term_string}\",\"query-input\":\"required name=search_term_string\"}],\"inLanguage\":\"de-DE\"},{\"@type\":\"WebPage\",\"@id\":\"https:\/\/www.arvigortrading.com\/de\/public-relations\/#webpage\",\"url\":\"https:\/\/www.arvigortrading.com\/de\/public-relations\/\",\"name\":\"Public Relations &raquo; Arvigor Trading & Co. [Au\\u00dfenhandel & Exportberatung]\",\"isPartOf\":{\"@id\":\"https:\/\/www.arvigortrading.com\/de\/#website\"},\"datePublished\":\"2015-04-03T18:45:40+00:00\",\"dateModified\":\"2022-01-30T14:28:34+00:00\",\"description\":\"\\u00d6ffentlichkeitsarbeit und Bereich zur Unternehmenskommunikation umfassen Pressearbeit, Pressekit, Marke, Video, Audio, Investorendialog und Newsletter.\",\"breadcrumb\":{\"@id\":\"https:\/\/www.arvigortrading.com\/de\/public-relations\/#breadcrumb\"},\"inLanguage\":\"de-DE\",\"potentialAction\":[{\"@type\":\"ReadAction\",\"target\":[\"https:\/\/www.arvigortrading.com\/de\/public-relations\/\"]}]},{\"@type\":\"BreadcrumbList\",\"@id\":\"https:\/\/www.arvigortrading.com\/de\/public-relations\/#breadcrumb\",\"itemListElement\":[{\"@type\":\"ListItem\",\"position\":1,\"item\":{\"@type\":\"WebPage\",\"@id\":\"https:\/\/www.arvigortrading.com\/de\/\",\"url\":\"https:\/\/www.arvigortrading.com\/de\/\",\"name\":\"Startseite\"}},{\"@type\":\"ListItem\",\"position\":2,\"item\":{\"@type\":\"WebPage\",\"@id\":\"https:\/\/www.arvigortrading.com\/de\/public-relations\/\",\"url\":\"https:\/\/www.arvigortrading.com\/de\/public-relations\/\",\"name\":\"Public Relations\"}}]}]}<\/script>\n<!-- \/ Yoast SEO Premium plugin. -->","_links":{"self":[{"href":"https:\/\/www.arvigortrading.com\/de\/wp-json\/wp\/v2\/pages\/9713"}],"collection":[{"href":"https:\/\/www.arvigortrading.com\/de\/wp-json\/wp\/v2\/pages"}],"about":[{"href":"https:\/\/www.arvigortrading.com\/de\/wp-json\/wp\/v2\/types\/page"}],"author":[{"embeddable":true,"href":"https:\/\/www.arvigortrading.com\/de\/wp-json\/wp\/v2\/users\/40"}],"replies":[{"embeddable":true,"href":"https:\/\/www.arvigortrading.com\/de\/wp-json\/wp\/v2\/comments?post=9713"}],"version-history":[{"count":0,"href":"https:\/\/www.arvigortrading.com\/de\/wp-json\/wp\/v2\/pages\/9713\/revisions"}],"wp:attachment":[{"href":"https:\/\/www.arvigortrading.com\/de\/wp-json\/wp\/v2\/media?parent=9713"}],"curies":[{"name":"wp","href":"https:\/\/api.w.org\/{rel}","templated":true}]}}